{"id":1624,"date":"2021-10-04T08:26:25","date_gmt":"2021-10-04T08:26:25","guid":{"rendered":"https:\/\/www.domina.it\/d-club\/"},"modified":"2024-09-09T15:30:48","modified_gmt":"2024-09-09T15:30:48","slug":"d-club","status":"publish","type":"page","link":"https:\/\/www.domina.it\/de\/d-club\/","title":{"rendered":"D Club"},"content":{"rendered":"<p>Alles beginnt mit dem Wunsch, seinen Mitgliedern einen Urlaub <strong>voller Emotionen und exklusiver M\u00f6glichkeiten zu bieten<\/strong>. Aber das ist nur der Anfang.<\/p>\n<p>In unserer mehr als drei\u00dfigj\u00e4hrigen Geschichte haben wir unsere Mitglieder immer in den Mittelpunkt aller Aktivit\u00e4ten gestellt und immer wichtigere und speziellere Dienstleistungen entwickelt, um die wichtigsten Momente in der eigenen Freizeit zu bereichern.<\/p>\n<p><strong>Die Mission des D-Clubs ist genau dies.<\/strong><\/p>\n<p>Schaffen Sie Gl\u00fcck in der Freizeit Ihrer Mitglieder.<\/p>\n","protected":false},"excerpt":{"rendered":"<p>Alles beginnt mit dem Wunsch, seinen Mitgliedern einen Urlaub voller Emotionen und exklusiver M\u00f6glichkeiten zu bieten. Aber das ist nur der Anfang. In unserer mehr als drei\u00dfigj\u00e4hrigen Geschichte haben wir unsere Mitglieder immer in den Mittelpunkt aller Aktivit\u00e4ten gestellt und immer wichtigere und speziellere Dienstleistungen entwickelt, um die wichtigsten Momente in der eigenen Freizeit zu [&hellip;]<\/p>\n","protected":false},"author":17,"featured_media":0,"parent":0,"menu_order":40,"comment_status":"closed","ping_status":"closed","template":"template-d-club.php","meta":{"footnotes":""},"class_list":["post-1624","page","type-page","status-publish","hentry"],"yoast_head":"<!-- This site is optimized with the Yoast SEO plugin v26.9 - https:\/\/yoast.com\/product\/yoast-seo-wordpress\/ -->\n<title>D Club &#8211; Domina<\/title>\n<meta name=\"robots\" content=\"index, follow, max-snippet:-1, max-image-preview:large, max-video-preview:-1\" \/>\n<link rel=\"canonical\" href=\"https:\/\/www.domina.it\/de\/d-club\/\" \/>\n<meta property=\"og:locale\" content=\"de_DE\" \/>\n<meta property=\"og:type\" content=\"article\" \/>\n<meta property=\"og:title\" content=\"D Club &#8211; Domina\" \/>\n<meta property=\"og:description\" content=\"Alles beginnt mit dem Wunsch, seinen Mitgliedern einen Urlaub voller Emotionen und exklusiver M\u00f6glichkeiten zu bieten. Aber das ist nur der Anfang. In unserer mehr als drei\u00dfigj\u00e4hrigen Geschichte haben wir unsere Mitglieder immer in den Mittelpunkt aller Aktivit\u00e4ten gestellt und immer wichtigere und speziellere Dienstleistungen entwickelt, um die wichtigsten Momente in der eigenen Freizeit zu [&hellip;]\" \/>\n<meta property=\"og:url\" content=\"https:\/\/www.domina.it\/de\/d-club\/\" \/>\n<meta property=\"og:site_name\" content=\"Domina\" \/>\n<meta property=\"article:modified_time\" content=\"2024-09-09T15:30:48+00:00\" \/>\n<meta name=\"twitter:card\" content=\"summary_large_image\" \/>\n<meta name=\"twitter:label1\" content=\"Gesch\u00e4tzte Lesezeit\" \/>\n\t<meta name=\"twitter:data1\" content=\"1 Minute\" \/>\n<script type=\"application\/ld+json\" class=\"yoast-schema-graph\">{\"@context\":\"https:\/\/schema.org\",\"@graph\":[{\"@type\":\"WebPage\",\"@id\":\"https:\/\/www.domina.it\/de\/d-club\/\",\"url\":\"https:\/\/www.domina.it\/de\/d-club\/\",\"name\":\"D Club &#8211; Domina\",\"isPartOf\":{\"@id\":\"https:\/\/www.domina.it\/de\/#website\"},\"datePublished\":\"2021-10-04T08:26:25+00:00\",\"dateModified\":\"2024-09-09T15:30:48+00:00\",\"breadcrumb\":{\"@id\":\"https:\/\/www.domina.it\/de\/d-club\/#breadcrumb\"},\"inLanguage\":\"de-DE\",\"potentialAction\":[{\"@type\":\"ReadAction\",\"target\":[\"https:\/\/www.domina.it\/de\/d-club\/\"]}]},{\"@type\":\"BreadcrumbList\",\"@id\":\"https:\/\/www.domina.it\/de\/d-club\/#breadcrumb\",\"itemListElement\":[{\"@type\":\"ListItem\",\"position\":1,\"name\":\"Home\",\"item\":\"https:\/\/www.domina.it\/de\/\"},{\"@type\":\"ListItem\",\"position\":2,\"name\":\"D Club\"}]},{\"@type\":\"WebSite\",\"@id\":\"https:\/\/www.domina.it\/de\/#website\",\"url\":\"https:\/\/www.domina.it\/de\/\",\"name\":\"Domina\",\"description\":\"Just another ms.decms.eu site\",\"potentialAction\":[{\"@type\":\"SearchAction\",\"target\":{\"@type\":\"EntryPoint\",\"urlTemplate\":\"https:\/\/www.domina.it\/de\/?s={search_term_string}\"},\"query-input\":{\"@type\":\"PropertyValueSpecification\",\"valueRequired\":true,\"valueName\":\"search_term_string\"}}],\"inLanguage\":\"de-DE\"}]}<\/script>\n<!-- \/ Yoast SEO plugin. -->","yoast_head_json":{"title":"D Club &#8211; Domina","robots":{"index":"index","follow":"follow","max-snippet":"max-snippet:-1","max-image-preview":"max-image-preview:large","max-video-preview":"max-video-preview:-1"},"canonical":"https:\/\/www.domina.it\/de\/d-club\/","og_locale":"de_DE","og_type":"article","og_title":"D Club &#8211; Domina","og_description":"Alles beginnt mit dem Wunsch, seinen Mitgliedern einen Urlaub voller Emotionen und exklusiver M\u00f6glichkeiten zu bieten. Aber das ist nur der Anfang. In unserer mehr als drei\u00dfigj\u00e4hrigen Geschichte haben wir unsere Mitglieder immer in den Mittelpunkt aller Aktivit\u00e4ten gestellt und immer wichtigere und speziellere Dienstleistungen entwickelt, um die wichtigsten Momente in der eigenen Freizeit zu [&hellip;]","og_url":"https:\/\/www.domina.it\/de\/d-club\/","og_site_name":"Domina","article_modified_time":"2024-09-09T15:30:48+00:00","twitter_card":"summary_large_image","twitter_misc":{"Gesch\u00e4tzte Lesezeit":"1 Minute"},"schema":{"@context":"https:\/\/schema.org","@graph":[{"@type":"WebPage","@id":"https:\/\/www.domina.it\/de\/d-club\/","url":"https:\/\/www.domina.it\/de\/d-club\/","name":"D Club &#8211; Domina","isPartOf":{"@id":"https:\/\/www.domina.it\/de\/#website"},"datePublished":"2021-10-04T08:26:25+00:00","dateModified":"2024-09-09T15:30:48+00:00","breadcrumb":{"@id":"https:\/\/www.domina.it\/de\/d-club\/#breadcrumb"},"inLanguage":"de-DE","potentialAction":[{"@type":"ReadAction","target":["https:\/\/www.domina.it\/de\/d-club\/"]}]},{"@type":"BreadcrumbList","@id":"https:\/\/www.domina.it\/de\/d-club\/#breadcrumb","itemListElement":[{"@type":"ListItem","position":1,"name":"Home","item":"https:\/\/www.domina.it\/de\/"},{"@type":"ListItem","position":2,"name":"D Club"}]},{"@type":"WebSite","@id":"https:\/\/www.domina.it\/de\/#website","url":"https:\/\/www.domina.it\/de\/","name":"Domina","description":"Just another ms.decms.eu site","potentialAction":[{"@type":"SearchAction","target":{"@type":"EntryPoint","urlTemplate":"https:\/\/www.domina.it\/de\/?s={search_term_string}"},"query-input":{"@type":"PropertyValueSpecification","valueRequired":true,"valueName":"search_term_string"}}],"inLanguage":"de-DE"}]}},"acf":[],"_links":{"self":[{"href":"https:\/\/www.domina.it\/de\/wp-json\/wp\/v2\/pages\/1624","targetHints":{"allow":["GET"]}}],"collection":[{"href":"https:\/\/www.domina.it\/de\/wp-json\/wp\/v2\/pages"}],"about":[{"href":"https:\/\/www.domina.it\/de\/wp-json\/wp\/v2\/types\/page"}],"author":[{"embeddable":true,"href":"https:\/\/www.domina.it\/de\/wp-json\/wp\/v2\/users\/17"}],"replies":[{"embeddable":true,"href":"https:\/\/www.domina.it\/de\/wp-json\/wp\/v2\/comments?post=1624"}],"version-history":[{"count":0,"href":"https:\/\/www.domina.it\/de\/wp-json\/wp\/v2\/pages\/1624\/revisions"}],"wp:attachment":[{"href":"https:\/\/www.domina.it\/de\/wp-json\/wp\/v2\/media?parent=1624"}],"curies":[{"name":"wp","href":"https:\/\/api.w.org\/{rel}","templated":true}]}}